{"id":12,"date":"2024-09-17T19:44:35","date_gmt":"2024-09-17T17:44:35","guid":{"rendered":"http:\/\/afs-costello-cfc.asso.fr\/?page_id=12"},"modified":"2024-09-25T16:48:58","modified_gmt":"2024-09-25T14:48:58","slug":"accueil","status":"publish","type":"page","link":"https:\/\/afs-costello-cfc.asso.fr\/","title":{"rendered":"Accueil"},"content":{"rendered":"\n<div class=\"wp-block-cover alignfull is-light hestia-clear-top-padding\"><span aria-hidden=\"true\" class=\"wp-block-cover__background has-white-background-color has-background-dim-100 has-background-dim\"><\/span><div class=\"wp-block-cover__inner-container is-layout-flow wp-block-cover-is-layout-flow\">\n<div style=\"height:21px\" aria-hidden=\"true\" class=\"wp-block-spacer\"><\/div>\n\n\n\n<h2 class=\"wp-block-heading has-text-align-center has-text-color\" style=\"color:#3c4858\">L&rsquo;Association Syndromes de Costello et CFC<\/h2>\n\n\n\n<div style=\"height:66px\" aria-hidden=\"true\" class=\"wp-block-spacer\"><\/div>\n\n\n\n<div class=\"wp-block-columns container is-layout-flex wp-container-core-columns-is-layout-28f84493 wp-block-columns-is-layout-flex\">\n<div class=\"wp-block-column is-layout-flow wp-block-column-is-layout-flow\"><div class=\"wp-block-image\">\n<figure class=\"aligncenter size-large\"><img decoding=\"async\" src=\"http:\/\/afs-costello-cfc.asso.fr\/wp-content\/themes\/hestia\/assets\/img\/feat1.png\" alt=\"\" class=\"wp-image-70\"\/><\/figure>\n<\/div>\n\n\n<h5 class=\"wp-block-heading has-text-align-center has-text-color\" style=\"color:#3c4858;font-size:18px\">Cr\u00e9ation<\/h5>\n\n\n\n<p class=\"has-text-align-center has-text-color\" style=\"color:#999999;font-size:16px;font-style:normal;font-weight:500\">Cr\u00e9\u00e9e en 2000 \u00e0 l\u2019initiative de 3 familles, elle compte actuellement 1000 adh\u00e9rents et 120 contacts avec des personnes atteintes du syndrome de Costello ou du syndrome CFC, un peu partout en France, en Europe et sur d\u2019autres continents.<\/p>\n\n\n\n<div style=\"height:25px\" aria-hidden=\"true\" class=\"wp-block-spacer\"><\/div>\n<\/div>\n\n\n\n<div class=\"wp-block-column is-layout-flow wp-block-column-is-layout-flow\"><div class=\"wp-block-image\">\n<figure class=\"aligncenter size-large\"><img decoding=\"async\" src=\"http:\/\/afs-costello-cfc.asso.fr\/wp-content\/themes\/hestia\/assets\/img\/feat2.png\" alt=\"\" class=\"wp-image-71\"\/><\/figure>\n<\/div>\n\n\n<h5 class=\"wp-block-heading has-text-align-center has-text-color\" style=\"color:#3c4858;font-size:18px\">Support<\/h5>\n\n\n\n<p class=\"has-text-align-center has-text-color\" style=\"color:#999999;font-size:16px;font-style:normal;font-weight:500\">Elle est accompagn\u00e9e d\u2019un comit\u00e9 scientifique m\u00e9dical pr\u00e9sid\u00e9 par le Professeur Didier Lacombe, p\u00e9diatre g\u00e9n\u00e9ticien au CHU de Bordeaux et auquel participent de nombreux m\u00e9decins et chercheurs fran\u00e7ais et europ\u00e9ens, notamment le Pr Alain VERLOES et le Dr Yline CAPRI de Robert Debr\u00e9, le Dr Sabine SIGAUDY de l\u2019AP-HM.<\/p>\n\n\n\n<div style=\"height:25px\" aria-hidden=\"true\" class=\"wp-block-spacer\"><\/div>\n<\/div>\n\n\n\n<div class=\"wp-block-column is-layout-flow wp-block-column-is-layout-flow\"><div class=\"wp-block-image\">\n<figure class=\"aligncenter size-large\"><img decoding=\"async\" src=\"http:\/\/afs-costello-cfc.asso.fr\/wp-content\/themes\/hestia\/assets\/img\/feat3.png\" alt=\"\" class=\"wp-image-72\"\/><\/figure>\n<\/div>\n\n\n<h5 class=\"wp-block-heading has-text-align-center has-text-color\" style=\"color:#3c4858;font-size:18px\">Initiative<\/h5>\n\n\n\n<p class=\"has-text-align-center has-text-color\" style=\"color:#999999;font-size:16px;font-style:normal;font-weight:500\">Elle est \u00e0 l\u2019initiative de programmes de recherche, et de collaborations entre \u00e9quipes fran\u00e7aises et \u00e9trang\u00e8res (Europe, \u00c9tats Unis).<\/p>\n\n\n\n<div style=\"height:25px\" aria-hidden=\"true\" class=\"wp-block-spacer\"><\/div>\n<\/div>\n<\/div>\n\n\n\n<div class=\"wp-block-buttons is-content-justification-center is-layout-flex wp-container-core-buttons-is-layout-a89b3969 wp-block-buttons-is-layout-flex\">\n<div class=\"wp-block-button has-custom-font-size has-medium-font-size\"><a class=\"wp-block-button__link has-background wp-element-button\" href=\"http:\/\/afs-costello-cfc.asso.fr\/index.php\/presentation-de-lassociation\/\" style=\"background-color:#72cad4\"><strong>En savoir plus<\/strong><\/a><\/div>\n<\/div>\n\n\n\n<div style=\"height:66px\" aria-hidden=\"true\" class=\"wp-block-spacer\"><\/div>\n<\/div><\/div>\n\n\n\n<div style=\"height:66px\" aria-hidden=\"true\" class=\"wp-block-spacer\"><\/div>\n\n\n\n<p><\/p>\n","protected":false},"excerpt":{"rendered":"","protected":false},"author":1,"featured_media":61,"parent":0,"menu_order":0,"comment_status":"closed","ping_status":"closed","template":"","meta":{"_themeisle_gutenberg_block_has_review":false,"footnotes":""},"class_list":["post-12","page","type-page","status-publish","has-post-thumbnail","hentry"],"_links":{"self":[{"href":"https:\/\/afs-costello-cfc.asso.fr\/index.php\/wp-json\/wp\/v2\/pages\/12","targetHints":{"allow":["GET"]}}],"collection":[{"href":"https:\/\/afs-costello-cfc.asso.fr\/index.php\/wp-json\/wp\/v2\/pages"}],"about":[{"href":"https:\/\/afs-costello-cfc.asso.fr\/index.php\/wp-json\/wp\/v2\/types\/page"}],"author":[{"embeddable":true,"href":"https:\/\/afs-costello-cfc.asso.fr\/index.php\/wp-json\/wp\/v2\/users\/1"}],"replies":[{"embeddable":true,"href":"https:\/\/afs-costello-cfc.asso.fr\/index.php\/wp-json\/wp\/v2\/comments?post=12"}],"version-history":[{"count":12,"href":"https:\/\/afs-costello-cfc.asso.fr\/index.php\/wp-json\/wp\/v2\/pages\/12\/revisions"}],"predecessor-version":[{"id":144,"href":"https:\/\/afs-costello-cfc.asso.fr\/index.php\/wp-json\/wp\/v2\/pages\/12\/revisions\/144"}],"wp:featuredmedia":[{"embeddable":true,"href":"https:\/\/afs-costello-cfc.asso.fr\/index.php\/wp-json\/wp\/v2\/media\/61"}],"wp:attachment":[{"href":"https:\/\/afs-costello-cfc.asso.fr\/index.php\/wp-json\/wp\/v2\/media?parent=12"}],"curies":[{"name":"wp","href":"https:\/\/api.w.org\/{rel}","templated":true}]}}