{"id":355,"date":"2024-12-23T17:38:02","date_gmt":"2024-12-23T16:38:02","guid":{"rendered":"https:\/\/afs-costello-cfc.asso.fr\/?page_id=355"},"modified":"2026-01-09T17:31:34","modified_gmt":"2026-01-09T16:31:34","slug":"a-propos-de-lassociation","status":"publish","type":"page","link":"https:\/\/afs-costello-cfc.asso.fr\/index.php\/a-propos-de-lassociation\/","title":{"rendered":"\u00c0 propos de l&rsquo;association"},"content":{"rendered":"\n<p><\/p>\n\n\n\n<p class=\"has-text-align-center\" style=\"font-style:normal;font-weight:600\"><em>L\u2019association a pour objet d\u2019aider les personnes handicap\u00e9es atteintes du syndrome de Costello ; d\u00e9fendre leurs droits \u00e0 l\u2019\u00e9ducation et \u00e0 l\u2019int\u00e9gration ; promouvoir et soutenir les voies de recherches en cours et diffuser l\u2019information ; rechercher et mettre en \u0153uvre les moyens utiles \u00e0 la promotion de l\u2019\u00e9ducation des enfants et adolescents atteints de ce syndrome ; assurer les rencontres entre les parents.<\/em><\/p>\n\n\n\n<p style=\"font-style:normal;font-weight:500\"><\/p>\n\n\n\n<div style=\"height:20px\" aria-hidden=\"true\" class=\"wp-block-spacer\"><\/div>\n\n\n\n<hr class=\"wp-block-separator has-text-color has-accent-color has-alpha-channel-opacity has-accent-background-color has-background is-style-default\"\/>\n\n\n\n<div style=\"height:20px\" aria-hidden=\"true\" class=\"wp-block-spacer\"><\/div>\n\n\n\n<p><strong>Retrouvez tous les documents de l&rsquo;Association Fran\u00e7aise des Syndromes de Costello et Cardio-Facio-Cutan\u00e9, class\u00e9s par ann\u00e9es : <\/strong><\/p>\n\n\n\n<p><\/p>\n\n\n\n<div id=\"wp-block-themeisle-blocks-accordion-5cd9aa61\" class=\"wp-block-themeisle-blocks-accordion exclusive\">\n<details open class=\"wp-block-themeisle-blocks-accordion-item\"><summary class=\"wp-block-themeisle-blocks-accordion-item__title\"><div><strong>2024<\/strong><\/div><\/summary><div class=\"wp-block-themeisle-blocks-accordion-item__content\">\n<p>Cliquez sur les boutons pour consulter les documents : <\/p>\n\n\n\n<div id=\"wp-block-themeisle-blocks-button-group-f8c9da02\" class=\"wp-block-themeisle-blocks-button-group wp-block-buttons\">\n<div id=\"wp-block-themeisle-blocks-button-22c9802e\" class=\"wp-block-themeisle-blocks-button wp-block-button\"><a href=\"http:\/\/afs-costello-cfc.asso.fr\/wp-content\/uploads\/2026\/01\/AFSC-CFC-AG-2024-Support-V5.pdf\" target=\"_blank\" rel=\"noopener noreferrer\" class=\"wp-block-button__link\"><span><strong>Compte-Rendu<br>Assembl\u00e9e G\u00e9n\u00e9rale 2024<\/strong><\/span><\/a><\/div>\n<\/div>\n<\/div><\/details>\n\n\n\n<details class=\"wp-block-themeisle-blocks-accordion-item\"><summary class=\"wp-block-themeisle-blocks-accordion-item__title\"><div><strong>2023<\/strong><\/div><\/summary><div class=\"wp-block-themeisle-blocks-accordion-item__content\">\n<p>Cliquez sur les boutons pour consulter les documents : <\/p>\n\n\n\n<div id=\"wp-block-themeisle-blocks-button-group-35838496\" class=\"wp-block-themeisle-blocks-button-group wp-block-buttons\">\n<div id=\"wp-block-themeisle-blocks-button-7a18a491\" class=\"wp-block-themeisle-blocks-button wp-block-button\"><a href=\"http:\/\/afs-costello-cfc.asso.fr\/wp-content\/uploads\/2024\/12\/AFS-Costello-Cardio-Facio-Cutane-AG-2023-Compte-Rendu.pdf\" target=\"_blank\" rel=\"noopener noreferrer\" class=\"wp-block-button__link\"><span><strong>Compte-Rendu<br>Assembl\u00e9e G\u00e9n\u00e9rale 2023<\/strong><\/span><\/a><\/div>\n\n\n\n<div id=\"wp-block-themeisle-blocks-button-249ff9b1\" class=\"wp-block-themeisle-blocks-button wp-block-button\"><a href=\"http:\/\/afs-costello-cfc.asso.fr\/wp-content\/uploads\/2024\/12\/AFS-C-CFC-_-Le-Petit-Journal-2023.pdf\" target=\"_blank\" rel=\"noopener noreferrer\" class=\"wp-block-button__link\"><span><strong>Le Petit Journal 2023<\/strong><\/span><\/a><\/div>\n<\/div>\n<\/div><\/details>\n\n\n\n<details class=\"wp-block-themeisle-blocks-accordion-item\"><summary class=\"wp-block-themeisle-blocks-accordion-item__title\"><div><strong>2022<\/strong><\/div><\/summary><div class=\"wp-block-themeisle-blocks-accordion-item__content\">\n<p>Cliquez sur les boutons pour consulter les documents : <\/p>\n\n\n\n<div id=\"wp-block-themeisle-blocks-button-group-6feb552c\" class=\"wp-block-themeisle-blocks-button-group wp-block-buttons\">\n<div id=\"wp-block-themeisle-blocks-button-434182b1\" class=\"wp-block-themeisle-blocks-button wp-block-button\"><a href=\"http:\/\/afs-costello-cfc.asso.fr\/wp-content\/uploads\/2024\/12\/AFS-Costello-Cardio-Facio-Cutane-AG-2022-CR.pdf\" target=\"_blank\" rel=\"noopener noreferrer\" class=\"wp-block-button__link\"><span><strong>Compte-Rendu<br>Assembl\u00e9e G\u00e9n\u00e9rale 2022<\/strong><\/span><\/a><\/div>\n\n\n\n<div id=\"wp-block-themeisle-blocks-button-7ee24251\" class=\"wp-block-themeisle-blocks-button wp-block-button\"><a href=\"http:\/\/afs-costello-cfc.asso.fr\/wp-content\/uploads\/2024\/12\/AFS-C-CFC-_-Le-Petit-Journal-2022.pdf\" target=\"_blank\" rel=\"noopener noreferrer\" class=\"wp-block-button__link\"><span><strong>Le Petit Journal 2022 &#8211; FR<\/strong><\/span><\/a><\/div>\n\n\n\n<div id=\"wp-block-themeisle-blocks-button-cf66f273\" class=\"wp-block-themeisle-blocks-button wp-block-button\"><a href=\"http:\/\/afs-costello-cfc.asso.fr\/wp-content\/uploads\/2024\/12\/AFS-C-CFC-_-Le-Petit-Journal-2022-GB.pdf\" target=\"_blank\" rel=\"noopener noreferrer\" class=\"wp-block-button__link\"><span><strong>Le Petit Journal 2022 &#8211; EN<\/strong><\/span><\/a><\/div>\n<\/div>\n<\/div><\/details>\n\n\n\n<details class=\"wp-block-themeisle-blocks-accordion-item\"><summary class=\"wp-block-themeisle-blocks-accordion-item__title\"><div><strong>2021<\/strong><\/div><\/summary><div class=\"wp-block-themeisle-blocks-accordion-item__content\">\n<p>Cliquez sur le bouton pour consulter le document : <\/p>\n\n\n\n<div id=\"wp-block-themeisle-blocks-button-group-45de5274\" class=\"wp-block-themeisle-blocks-button-group wp-block-buttons\">\n<div id=\"wp-block-themeisle-blocks-button-3f2ebf08\" class=\"wp-block-themeisle-blocks-button wp-block-button\"><a href=\"http:\/\/afs-costello-cfc.asso.fr\/wp-content\/uploads\/2025\/04\/AFS-C-CFC-AG-2021-CR.pdf\" target=\"_blank\" rel=\"noopener noreferrer\" class=\"wp-block-button__link\"><span><strong>Compte-Rendu<br>Assembl\u00e9e G\u00e9n\u00e9rale 2021<\/strong><\/span><\/a><\/div>\n<\/div>\n<\/div><\/details>\n\n\n\n<details class=\"wp-block-themeisle-blocks-accordion-item\"><summary class=\"wp-block-themeisle-blocks-accordion-item__title\"><div><strong>2020<\/strong><\/div><\/summary><div class=\"wp-block-themeisle-blocks-accordion-item__content\">\n<p>Cliquez sur le bouton pour consulter le document : <\/p>\n\n\n\n<div id=\"wp-block-themeisle-blocks-button-group-6298c011\" class=\"wp-block-themeisle-blocks-button-group wp-block-buttons\">\n<div id=\"wp-block-themeisle-blocks-button-4d0d347f\" class=\"wp-block-themeisle-blocks-button wp-block-button\"><a href=\"http:\/\/afs-costello-cfc.asso.fr\/wp-content\/uploads\/2025\/04\/AFS-C-CFC-AG-2020-CR.pdf\" target=\"_blank\" rel=\"noopener noreferrer\" class=\"wp-block-button__link\"><span><strong>Compte-Rendu<br>Assembl\u00e9e G\u00e9n\u00e9rale 2020<\/strong><\/span><\/a><\/div>\n<\/div>\n<\/div><\/details>\n\n\n\n<details class=\"wp-block-themeisle-blocks-accordion-item\"><summary class=\"wp-block-themeisle-blocks-accordion-item__title\"><div><strong>2019<\/strong><\/div><\/summary><div class=\"wp-block-themeisle-blocks-accordion-item__content\">\n<p>Cliquez sur le bouton pour consulter le document : <\/p>\n\n\n\n<div id=\"wp-block-themeisle-blocks-button-group-797fc8dd\" class=\"wp-block-themeisle-blocks-button-group wp-block-buttons\">\n<div id=\"wp-block-themeisle-blocks-button-4af22286\" class=\"wp-block-themeisle-blocks-button wp-block-button\"><a href=\"http:\/\/afs-costello-cfc.asso.fr\/wp-content\/uploads\/2024\/12\/AFS-C-CFC-AG-2019-CR_et_Diaporama.pdf\" target=\"_blank\" rel=\"noopener noreferrer\" class=\"wp-block-button__link\"><span><strong>Compte-Rendu<br>Assembl\u00e9e G\u00e9n\u00e9rale 2019<\/strong><\/span><\/a><\/div>\n<\/div>\n<\/div><\/details>\n\n\n\n<details class=\"wp-block-themeisle-blocks-accordion-item\"><summary class=\"wp-block-themeisle-blocks-accordion-item__title\"><div><strong>2018<\/strong><\/div><\/summary><div class=\"wp-block-themeisle-blocks-accordion-item__content\">\n<p>Cliquez sur les boutons pour consulter les documents : <\/p>\n\n\n\n<div id=\"wp-block-themeisle-blocks-button-group-6b0c2bd5\" class=\"wp-block-themeisle-blocks-button-group wp-block-buttons\">\n<div id=\"wp-block-themeisle-blocks-button-536dfdbc\" class=\"wp-block-themeisle-blocks-button wp-block-button\"><a href=\"http:\/\/afs-costello-cfc.asso.fr\/wp-content\/uploads\/2024\/12\/AFS-COSTELLO-CFC-AG-2018-AFS-COSTELLO-CFC-AG-2018-CompteRendu.pdf\" target=\"_blank\" rel=\"noopener noreferrer\" class=\"wp-block-button__link\"><span><strong>Compte-Rendu<br>Assembl\u00e9e G\u00e9n\u00e9rale 2018<\/strong><\/span><\/a><\/div>\n\n\n\n<div id=\"wp-block-themeisle-blocks-button-229761ba\" class=\"wp-block-themeisle-blocks-button wp-block-button\"><a href=\"http:\/\/afs-costello-cfc.asso.fr\/wp-content\/uploads\/2024\/12\/AFS-C-CFC-_-Le-Petit-Journal-2018-8.pdf\" target=\"_blank\" rel=\"noopener noreferrer\" class=\"wp-block-button__link\"><span><strong>Le Petit Journal 2018<\/strong><\/span><\/a><\/div>\n<\/div>\n<\/div><\/details>\n\n\n\n<details class=\"wp-block-themeisle-blocks-accordion-item\"><summary class=\"wp-block-themeisle-blocks-accordion-item__title\"><div><strong>2017<\/strong><\/div><\/summary><div class=\"wp-block-themeisle-blocks-accordion-item__content\">\n<p>Cliquez sur le bouton pour consulter le document : <\/p>\n\n\n\n<div id=\"wp-block-themeisle-blocks-button-group-f8857964\" class=\"wp-block-themeisle-blocks-button-group wp-block-buttons\">\n<div id=\"wp-block-themeisle-blocks-button-73bc9c1d\" class=\"wp-block-themeisle-blocks-button wp-block-button\"><a href=\"http:\/\/afs-costello-cfc.asso.fr\/wp-content\/uploads\/2025\/04\/AFS-C-CFC-AG-2017-CR.pdf\" target=\"_blank\" rel=\"noopener noreferrer\" class=\"wp-block-button__link\"><span><strong>Compte-Rendu<br>Assembl\u00e9e G\u00e9n\u00e9rale 2017<\/strong><\/span><\/a><\/div>\n\n\n\n<div id=\"wp-block-themeisle-blocks-button-317c5e97\" class=\"wp-block-themeisle-blocks-button wp-block-button\"><a href=\"http:\/\/afs-costello-cfc.asso.fr\/wp-content\/uploads\/2024\/12\/AFS-C-CFC-_-Le-Petit-Journal-2017.pdf\" target=\"_blank\" rel=\"noopener noreferrer\" class=\"wp-block-button__link\"><span><strong>Le Petit Journal 2017<\/strong><\/span><\/a><\/div>\n<\/div>\n<\/div><\/details>\n\n\n\n<details class=\"wp-block-themeisle-blocks-accordion-item\"><summary class=\"wp-block-themeisle-blocks-accordion-item__title\"><div><strong>2016<\/strong><\/div><\/summary><div class=\"wp-block-themeisle-blocks-accordion-item__content\">\n<p>Cliquez sur les boutons pour consulter les documents : <\/p>\n\n\n\n<div id=\"wp-block-themeisle-blocks-button-group-1e47207b\" class=\"wp-block-themeisle-blocks-button-group wp-block-buttons\">\n<div id=\"wp-block-themeisle-blocks-button-dfe85e96\" class=\"wp-block-themeisle-blocks-button wp-block-button\"><a href=\"http:\/\/afs-costello-cfc.asso.fr\/wp-content\/uploads\/2024\/12\/AFS-COSTELLO-CFC-AG-2016-Compte-Rendu1.pdf\" target=\"_blank\" rel=\"noopener noreferrer\" class=\"wp-block-button__link\"><span><strong>Compte-Rendu<br>Assembl\u00e9e G\u00e9n\u00e9rale 2016<\/strong><\/span><\/a><\/div>\n\n\n\n<div id=\"wp-block-themeisle-blocks-button-81bc105b\" class=\"wp-block-themeisle-blocks-button wp-block-button\"><a href=\"http:\/\/afs-costello-cfc.asso.fr\/wp-content\/uploads\/2024\/12\/Petit-Journal-2016-10_09.pdf\" target=\"_blank\" rel=\"noopener noreferrer\" class=\"wp-block-button__link\"><span><strong>Le Petit Journal 2016<\/strong><\/span><\/a><\/div>\n<\/div>\n<\/div><\/details>\n\n\n\n<details class=\"wp-block-themeisle-blocks-accordion-item\"><summary class=\"wp-block-themeisle-blocks-accordion-item__title\"><div><strong>2015<\/strong><\/div><\/summary><div class=\"wp-block-themeisle-blocks-accordion-item__content\">\n<p>Cliquez sur les boutons pour consulter les documents : <\/p>\n\n\n\n<div id=\"wp-block-themeisle-blocks-button-group-74af6f46\" class=\"wp-block-themeisle-blocks-button-group wp-block-buttons\">\n<div id=\"wp-block-themeisle-blocks-button-fe443ea9\" class=\"wp-block-themeisle-blocks-button wp-block-button\"><a href=\"http:\/\/afs-costello-cfc.asso.fr\/wp-content\/uploads\/2025\/04\/AFS-C-CFC-AG-2015-CR.pdf\" target=\"_blank\" rel=\"noopener noreferrer\" class=\"wp-block-button__link\"><span><strong>Compte-Rendu<br>Assembl\u00e9e G\u00e9n\u00e9rale 2015<\/strong><\/span><\/a><\/div>\n\n\n\n<div id=\"wp-block-themeisle-blocks-button-5c342717\" class=\"wp-block-themeisle-blocks-button wp-block-button\"><a href=\"http:\/\/afs-costello-cfc.asso.fr\/wp-content\/uploads\/2025\/04\/Le-Petit-Journal-2015.pdf\" target=\"_blank\" rel=\"noopener noreferrer\" class=\"wp-block-button__link\"><span><strong>Le Petit Journal 2015<\/strong><\/span><\/a><\/div>\n<\/div>\n<\/div><\/details>\n\n\n\n<details class=\"wp-block-themeisle-blocks-accordion-item\"><summary class=\"wp-block-themeisle-blocks-accordion-item__title\"><div><strong>2014<\/strong><\/div><\/summary><div class=\"wp-block-themeisle-blocks-accordion-item__content\">\n<p>Cliquez sur les boutons pour consulter les documents : <\/p>\n\n\n\n<div id=\"wp-block-themeisle-blocks-button-group-0c812b61\" class=\"wp-block-themeisle-blocks-button-group wp-block-buttons\">\n<div id=\"wp-block-themeisle-blocks-button-b8e8103a\" class=\"wp-block-themeisle-blocks-button wp-block-button\"><a href=\"http:\/\/afs-costello-cfc.asso.fr\/wp-content\/uploads\/2025\/04\/AFS-C-CFC-AG-2014-CR.pdf\" target=\"_blank\" rel=\"noopener noreferrer\" class=\"wp-block-button__link\"><span><strong>Compte-Rendu<br>Assembl\u00e9e G\u00e9n\u00e9rale 2014<\/strong><\/span><\/a><\/div>\n\n\n\n<div id=\"wp-block-themeisle-blocks-button-3da05e8e\" class=\"wp-block-themeisle-blocks-button wp-block-button\"><a href=\"http:\/\/afs-costello-cfc.asso.fr\/wp-content\/uploads\/2025\/04\/Le-Petit-Journal-2014.pdf\" target=\"_blank\" rel=\"noopener noreferrer\" class=\"wp-block-button__link\"><span><strong>Le Petit Journal 2014<\/strong><\/span><\/a><\/div>\n<\/div>\n<\/div><\/details>\n\n\n\n<details class=\"wp-block-themeisle-blocks-accordion-item\"><summary class=\"wp-block-themeisle-blocks-accordion-item__title\"><div><strong>2013<\/strong><\/div><\/summary><div class=\"wp-block-themeisle-blocks-accordion-item__content\">\n<p>Cliquez sur les boutons pour consulter les documents : <\/p>\n\n\n\n<div id=\"wp-block-themeisle-blocks-button-group-c83ab834\" class=\"wp-block-themeisle-blocks-button-group wp-block-buttons\">\n<div id=\"wp-block-themeisle-blocks-button-624683bd\" class=\"wp-block-themeisle-blocks-button wp-block-button\"><a href=\"http:\/\/afs-costello-cfc.asso.fr\/wp-content\/uploads\/2025\/04\/Le-Petit-Journal-2013.pdf\" target=\"_blank\" rel=\"noopener noreferrer\" class=\"wp-block-button__link\"><span><strong>Le Petit Journal 2013<\/strong><\/span><\/a><\/div>\n<\/div>\n<\/div><\/details>\n\n\n\n<details class=\"wp-block-themeisle-blocks-accordion-item\"><summary class=\"wp-block-themeisle-blocks-accordion-item__title\"><div><strong>2012<\/strong><\/div><\/summary><div class=\"wp-block-themeisle-blocks-accordion-item__content\">\n<p>Cliquez sur les boutons pour consulter les documents : <\/p>\n\n\n\n<div id=\"wp-block-themeisle-blocks-button-group-948e83e9\" class=\"wp-block-themeisle-blocks-button-group wp-block-buttons\">\n<div id=\"wp-block-themeisle-blocks-button-af3f1a77\" class=\"wp-block-themeisle-blocks-button wp-block-button\"><a href=\"http:\/\/afs-costello-cfc.asso.fr\/wp-content\/uploads\/2025\/04\/AFS-C-CFC-AG-2012-CR.pdf\" target=\"_blank\" rel=\"noopener noreferrer\" class=\"wp-block-button__link\"><span><strong>Compte-Rendu<br>Assembl\u00e9e G\u00e9n\u00e9rale 2012<\/strong><\/span><\/a><\/div>\n\n\n\n<div id=\"wp-block-themeisle-blocks-button-00924bbc\" class=\"wp-block-themeisle-blocks-button wp-block-button\"><a href=\"http:\/\/afs-costello-cfc.asso.fr\/wp-content\/uploads\/2025\/04\/Le-Petit-Journal-2012.pdf\" target=\"_blank\" rel=\"noopener noreferrer\" class=\"wp-block-button__link\"><span><strong>Le Petit Journal 2012<\/strong><\/span><\/a><\/div>\n<\/div>\n<\/div><\/details>\n<\/div>\n\n\n\n<p><\/p>\n\n\n\n<div style=\"height:40px\" aria-hidden=\"true\" class=\"wp-block-spacer\"><\/div>\n\n\n\n<hr class=\"wp-block-separator has-text-color has-accent-color has-alpha-channel-opacity has-accent-background-color has-background is-style-default\"\/>\n\n\n\n<div style=\"height:40px\" aria-hidden=\"true\" class=\"wp-block-spacer\"><\/div>\n\n\n\n<div class=\"wp-block-cover alignfull is-light\" style=\"margin-top:0;margin-bottom:0;padding-top:24px;padding-right:24px;padding-bottom:24px;padding-left:24px;min-height:300px;aspect-ratio:unset;\"><span aria-hidden=\"true\" class=\"wp-block-cover__background has-background-color-background-color has-background-dim\"><\/span><div class=\"wp-block-cover__inner-container is-layout-flow wp-block-cover-is-layout-flow\">\n<div class=\"wp-block-columns is-layout-flex wp-container-core-columns-is-layout-28f84493 wp-block-columns-is-layout-flex\">\n<div class=\"wp-block-column is-layout-flow wp-block-column-is-layout-flow\" style=\"flex-basis:20%\"><\/div>\n\n\n\n<div class=\"wp-block-column is-layout-flow wp-block-column-is-layout-flow\" style=\"flex-basis:60%\">\n<div style=\"height:20px\" aria-hidden=\"true\" class=\"wp-block-spacer\"><\/div>\n\n\n\n<h2 class=\"wp-block-heading alignwide has-text-align-center has-x-large-font-size\"><strong>L\u2019Association Syndromes de Costello et CFC<\/strong><\/h2>\n\n\n\n<p class=\"has-text-align-center\">Cr\u00e9\u00e9e en 2000 \u00e0 l\u2019initiative de 3 familles, elle compte actuellement 1000 adh\u00e9rents et 120 contacts avec des personnes atteintes du syndrome de Costello ou du syndrome CFC, un peu partout en France, en Europe et sur d\u2019autres continents.<\/p>\n\n\n\n<p class=\"has-text-align-center\"><\/p>\n\n\n\n<div style=\"height:20px\" aria-hidden=\"true\" class=\"wp-block-spacer\"><\/div>\n\n\n\n<div class=\"wp-block-buttons is-content-justification-center is-layout-flex wp-container-core-buttons-is-layout-a89b3969 wp-block-buttons-is-layout-flex\">\n<div class=\"wp-block-button\"><a class=\"wp-block-button__link has-white-color has-accent-background-color has-text-color has-background has-link-color wp-element-button\" href=\"https:\/\/afs-costello-cfc.asso.fr\/index.php\/presentation-de-lassociation\/\"><strong>En savoir plus sur l&rsquo;association<\/strong><\/a><\/div>\n<\/div>\n<\/div>\n\n\n\n<div class=\"wp-block-column is-layout-flow wp-block-column-is-layout-flow\" style=\"flex-basis:20%\"><\/div>\n<\/div>\n<\/div><\/div>\n\n\n\n<div style=\"height:50px\" aria-hidden=\"true\" class=\"wp-block-spacer\"><\/div>\n","protected":false},"excerpt":{"rendered":"<p>L\u2019association a pour objet d\u2019aider les personnes handicap\u00e9es atteintes du syndrome de Costello ; d\u00e9fendre leurs droits \u00e0 l\u2019\u00e9ducation et \u00e0 l\u2019int\u00e9gration ; promouvoir et soutenir les voies de recherches en cours et diffuser l\u2019information ; rechercher et mettre en \u0153uvre les moyens utiles \u00e0 la promotion de l\u2019\u00e9ducation des [&hellip;]<\/p>\n","protected":false},"author":1,"featured_media":0,"parent":0,"menu_order":0,"comment_status":"closed","ping_status":"closed","template":"","meta":{"_themeisle_gutenberg_block_has_review":false,"footnotes":""},"class_list":["post-355","page","type-page","status-publish","hentry"],"_links":{"self":[{"href":"https:\/\/afs-costello-cfc.asso.fr\/index.php\/wp-json\/wp\/v2\/pages\/355","targetHints":{"allow":["GET"]}}],"collection":[{"href":"https:\/\/afs-costello-cfc.asso.fr\/index.php\/wp-json\/wp\/v2\/pages"}],"about":[{"href":"https:\/\/afs-costello-cfc.asso.fr\/index.php\/wp-json\/wp\/v2\/types\/page"}],"author":[{"embeddable":true,"href":"https:\/\/afs-costello-cfc.asso.fr\/index.php\/wp-json\/wp\/v2\/users\/1"}],"replies":[{"embeddable":true,"href":"https:\/\/afs-costello-cfc.asso.fr\/index.php\/wp-json\/wp\/v2\/comments?post=355"}],"version-history":[{"count":16,"href":"https:\/\/afs-costello-cfc.asso.fr\/index.php\/wp-json\/wp\/v2\/pages\/355\/revisions"}],"predecessor-version":[{"id":417,"href":"https:\/\/afs-costello-cfc.asso.fr\/index.php\/wp-json\/wp\/v2\/pages\/355\/revisions\/417"}],"wp:attachment":[{"href":"https:\/\/afs-costello-cfc.asso.fr\/index.php\/wp-json\/wp\/v2\/media?parent=355"}],"curies":[{"name":"wp","href":"https:\/\/api.w.org\/{rel}","templated":true}]}}